{"id":2554,"date":"2023-08-23T17:13:27","date_gmt":"2023-08-23T15:13:27","guid":{"rendered":"https:\/\/lunova.swiss\/contact-vip\/"},"modified":"2025-12-16T11:54:20","modified_gmt":"2025-12-16T10:54:20","slug":"contact-vip","status":"publish","type":"page","link":"https:\/\/lunova.swiss\/en\/contact-vip\/","title":{"rendered":"Contact vip"},"content":{"rendered":"\t\t<div data-elementor-type=\"wp-page\" data-elementor-id=\"2554\" class=\"elementor elementor-2554 elementor-1493\" data-elementor-post-type=\"page\">\n\t\t\t\t\t\t<section class=\"elementor-section elementor-top-section elementor-element elementor-element-4398acc elementor-section-height-min-height elementor-section-content-middle elementor-reverse-mobile elementor-section-boxed elementor-section-height-default elementor-section-items-middle\" data-id=\"4398acc\" data-element_type=\"section\" data-e-type=\"section\" data-settings=\"{&quot;background_background&quot;:&quot;classic&quot;}\">\n\t\t\t\t\t\t\t<div class=\"elementor-background-overlay\"><\/div>\n\t\t\t\t\t\t\t<div class=\"elementor-container elementor-column-gap-no\">\n\t\t\t\t\t<div class=\"elementor-column elementor-col-100 elementor-top-column elementor-element elementor-element-1fdd2c3\" data-id=\"1fdd2c3\" data-element_type=\"column\" data-e-type=\"column\">\n\t\t\t<div class=\"elementor-widget-wrap elementor-element-populated\">\n\t\t\t\t\t\t<div class=\"elementor-element elementor-element-30d012d elementor-widget elementor-widget-heading\" data-id=\"30d012d\" data-element_type=\"widget\" data-e-type=\"widget\" data-widget_type=\"heading.default\">\n\t\t\t\t<div class=\"elementor-widget-container\">\n\t\t\t\t\t<h1 class=\"elementor-heading-title elementor-size-default\">Notre Engagement pour Votre S\u00e9r\u00e9nit\u00e9<\/h1>\t\t\t\t<\/div>\n\t\t\t\t<\/div>\n\t\t\t\t\t<\/div>\n\t\t<\/div>\n\t\t\t\t\t<\/div>\n\t\t<\/section>\n\t\t\t\t<section class=\"elementor-section elementor-top-section elementor-element elementor-element-238c0bd elementor-section-content-middle elementor-section-boxed elementor-section-height-default elementor-section-height-default\" data-id=\"238c0bd\" data-element_type=\"section\" data-e-type=\"section\" data-settings=\"{&quot;background_background&quot;:&quot;classic&quot;}\">\n\t\t\t\t\t\t<div class=\"elementor-container elementor-column-gap-no\">\n\t\t\t\t\t<div class=\"elementor-column elementor-col-33 elementor-top-column elementor-element elementor-element-28c65a3\" data-id=\"28c65a3\" data-element_type=\"column\" data-e-type=\"column\">\n\t\t\t<div class=\"elementor-widget-wrap elementor-element-populated\">\n\t\t\t\t\t\t<div class=\"elementor-element elementor-element-d41c27b elementor-widget__width-initial elementor-widget elementor-widget-heading\" data-id=\"d41c27b\" data-element_type=\"widget\" data-e-type=\"widget\" data-widget_type=\"heading.default\">\n\t\t\t\t<div class=\"elementor-widget-container\">\n\t\t\t\t\t<h2 class=\"elementor-heading-title elementor-size-default\">Prise de contact express<\/h2>\t\t\t\t<\/div>\n\t\t\t\t<\/div>\n\t\t\t\t\t<\/div>\n\t\t<\/div>\n\t\t\t\t<div class=\"elementor-column elementor-col-66 elementor-top-column elementor-element elementor-element-20ffd7b\" data-id=\"20ffd7b\" data-element_type=\"column\" data-e-type=\"column\">\n\t\t\t<div class=\"elementor-widget-wrap elementor-element-populated\">\n\t\t\t\t\t\t<div class=\"elementor-element elementor-element-9aba48d elementor-widget elementor-widget-text-editor\" data-id=\"9aba48d\" data-element_type=\"widget\" data-e-type=\"widget\" data-widget_type=\"text-editor.default\">\n\t\t\t\t<div class=\"elementor-widget-container\">\n\t\t\t\t\t\t\t\t\t<p>En tant que dirigeant d&#8217;entreprise ou responsable informatique, nous comprenons que vous pouvez \u00eatre confront\u00e9 \u00e0 des d\u00e9fis informatiques <strong>impr\u00e9vus<\/strong>.<\/p>\n<p><span style=\"text-decoration: underline;\"> Vous n&#8217;\u00eates pas seul<\/span> dans cette situation.&nbsp;Notre engagement chez Lunova est de vous apporter la <strong>tranquillit\u00e9 d&#8217;esprit.<\/strong><\/p>\n<p>Remplissez simplement le formulaire ci-dessous, et nous vous contacterons dans les plus brefs d\u00e9lais. Notre objectif est de mieux comprendre votre probl\u00e9matique et de vous proposer une assistance sur mesure pour r\u00e9soudre vos difficult\u00e9s informatiques.<\/p>\n<p><strong>Votre S\u00e9r\u00e9nit\u00e9 est Notre Priorit\u00e9. Laissez-nous vous aider \u00e0 relever vos d\u00e9fis informatiques.<\/strong><\/p>\t\t\t\t\t\t\t\t<\/div>\n\t\t\t\t<\/div>\n\t\t\t\t\t<\/div>\n\t\t<\/div>\n\t\t\t\t\t<\/div>\n\t\t<\/section>\n\t\t\t\t<section class=\"elementor-section elementor-top-section elementor-element elementor-element-b8c0e7a elementor-section-boxed elementor-section-height-default elementor-section-height-default\" data-id=\"b8c0e7a\" data-element_type=\"section\" data-e-type=\"section\" data-settings=\"{&quot;background_background&quot;:&quot;classic&quot;}\">\n\t\t\t\t\t\t\t<div class=\"elementor-background-overlay\"><\/div>\n\t\t\t\t\t\t\t<div class=\"elementor-container elementor-column-gap-wide\">\n\t\t\t\t\t<div class=\"elementor-column elementor-col-100 elementor-top-column elementor-element elementor-element-5e8e31cb\" data-id=\"5e8e31cb\" data-element_type=\"column\" data-e-type=\"column\" data-settings=\"{&quot;background_background&quot;:&quot;classic&quot;}\">\n\t\t\t<div class=\"elementor-widget-wrap elementor-element-populated\">\n\t\t\t\t\t\t<section class=\"elementor-section elementor-inner-section elementor-element elementor-element-307a2305 elementor-section-boxed elementor-section-height-default elementor-section-height-default\" data-id=\"307a2305\" data-element_type=\"section\" data-e-type=\"section\">\n\t\t\t\t\t\t<div class=\"elementor-container elementor-column-gap-default\">\n\t\t\t\t\t<div class=\"elementor-column elementor-col-50 elementor-inner-column elementor-element elementor-element-5904ab35\" data-id=\"5904ab35\" data-element_type=\"column\" data-e-type=\"column\">\n\t\t\t<div class=\"elementor-widget-wrap elementor-element-populated\">\n\t\t\t\t\t\t<div class=\"elementor-element elementor-element-35b82402 elementor-widget elementor-widget-heading\" data-id=\"35b82402\" data-element_type=\"widget\" data-e-type=\"widget\" data-widget_type=\"heading.default\">\n\t\t\t\t<div class=\"elementor-widget-container\">\n\t\t\t\t\t<h2 class=\"elementor-heading-title elementor-size-default\">Contactez-nous !\u200b<\/h2>\t\t\t\t<\/div>\n\t\t\t\t<\/div>\n\t\t\t\t<div class=\"elementor-element elementor-element-df6ce26 elementor-widget elementor-widget-shortcode\" data-id=\"df6ce26\" data-element_type=\"widget\" data-e-type=\"widget\" data-widget_type=\"shortcode.default\">\n\t\t\t\t<div class=\"elementor-widget-container\">\n\t\t\t\t\t\t\t<div class=\"elementor-shortcode\">\t<iframe\n\t\taria-label=\"Contact us!\"\n\t\tframeborder=\"0\"\n\t\tstyle=\"height:965px;width:99%;border:none;\"\n\t\tonload='javascript:(function(o){o.style.height=o.contentWindow.document.body.scrollHeight+\"px\";}(this));'\n\t\tsrc=\"https:\/\/forms.zohopublic.eu\/lunova1\/form\/Contactus\/formperma\/HtlcLjOmLZgqeDkNh75PiBrD_2L9klfsEwrjUBWuIKw\">\n\t<\/iframe>\n\t<\/div>\n\t\t\t\t\t\t<\/div>\n\t\t\t\t<\/div>\n\t\t\t\t\t<\/div>\n\t\t<\/div>\n\t\t\t\t<div class=\"elementor-column elementor-col-50 elementor-inner-column elementor-element elementor-element-7bdc95f3\" data-id=\"7bdc95f3\" data-element_type=\"column\" data-e-type=\"column\">\n\t\t\t<div class=\"elementor-widget-wrap elementor-element-populated\">\n\t\t\t\t\t\t<div class=\"elementor-element elementor-element-4e762c1 elementor-widget elementor-widget-google_maps\" data-id=\"4e762c1\" data-element_type=\"widget\" data-e-type=\"widget\" data-widget_type=\"google_maps.default\">\n\t\t\t\t<div class=\"elementor-widget-container\">\n\t\t\t\t\t\t\t<div class=\"elementor-custom-embed\">\n\t\t\t<iframe loading=\"lazy\"\n\t\t\t\t\tsrc=\"https:\/\/maps.google.com\/maps?q=Rue%20du%20vieux%20march%C3%A9%209%2C%201260%20Nyon&#038;t=m&#038;z=9&#038;output=embed&#038;iwloc=near\"\n\t\t\t\t\ttitle=\"Rue du vieux march\u00e9 9, 1260 Nyon\"\n\t\t\t\t\taria-label=\"Rue du vieux march\u00e9 9, 1260 Nyon\"\n\t\t\t><\/iframe>\n\t\t<\/div>\n\t\t\t\t\t\t<\/div>\n\t\t\t\t<\/div>\n\t\t\t\t\t<\/div>\n\t\t<\/div>\n\t\t\t\t\t<\/div>\n\t\t<\/section>\n\t\t\t\t\t<\/div>\n\t\t<\/div>\n\t\t\t\t\t<\/div>\n\t\t<\/section>\n\t\t\t\t<\/div>\n\t\t","protected":false},"excerpt":{"rendered":"<p>Notre Engagement pour Votre S\u00e9r\u00e9nit\u00e9 Prise de contact express En tant que dirigeant d&#8217;entreprise ou responsable informatique, nous comprenons que vous pouvez \u00eatre confront\u00e9 \u00e0 des d\u00e9fis informatiques impr\u00e9vus. Vous n&#8217;\u00eates pas seul dans cette situation.&nbsp;Notre engagement chez Lunova est de vous apporter la tranquillit\u00e9 d&#8217;esprit. Remplissez simplement le formulaire ci-dessous, et nous vous contacterons [&hellip;]<\/p>\n","protected":false},"author":3,"featured_media":2299,"parent":0,"menu_order":0,"comment_status":"closed","ping_status":"closed","template":"","meta":{"_acf_changed":false,"footnotes":""},"class_list":["post-2554","page","type-page","status-publish","has-post-thumbnail","hentry"],"acf":[],"yoast_head":"<!-- This site is optimized with the Yoast SEO plugin v27.2 - https:\/\/yoast.com\/product\/yoast-seo-wordpress\/ -->\n<title>Notre d\u00e9marche pour votre s\u00e9r\u00e9nit\u00e9 informatique<\/title>\n<meta name=\"description\" content=\"Lunova vous offre une tranquillit\u00e9 d&#039;esprit informatique. Contactez-nous facilement pour une assistance sur mesure et r\u00e9solvez vos probl\u00e8mes informatiques en toute confiance.\" \/>\n<meta name=\"robots\" content=\"index, follow, max-snippet:-1, max-image-preview:large, max-video-preview:-1\" \/>\n<link rel=\"canonical\" href=\"https:\/\/lunova.swiss\/en\/contact-vip\/\" \/>\n<meta property=\"og:locale\" content=\"en_US\" \/>\n<meta property=\"og:type\" content=\"article\" \/>\n<meta property=\"og:title\" content=\"Notre d\u00e9marche pour votre s\u00e9r\u00e9nit\u00e9 informatique\" \/>\n<meta property=\"og:description\" content=\"Lunova vous offre une tranquillit\u00e9 d&#039;esprit informatique. Contactez-nous facilement pour une assistance sur mesure et r\u00e9solvez vos probl\u00e8mes informatiques en toute confiance.\" \/>\n<meta property=\"og:url\" content=\"https:\/\/lunova.swiss\/en\/contact-vip\/\" \/>\n<meta property=\"og:site_name\" content=\"Lunova\" \/>\n<meta property=\"article:modified_time\" content=\"2025-12-16T10:54:20+00:00\" \/>\n<meta property=\"og:image\" content=\"http:\/\/lunova.swiss\/wp-content\/uploads\/2023\/08\/group-16.png\" \/>\n\t<meta property=\"og:image:width\" content=\"2048\" \/>\n\t<meta property=\"og:image:height\" content=\"2048\" \/>\n\t<meta property=\"og:image:type\" content=\"image\/png\" \/>\n<meta name=\"twitter:card\" content=\"summary_large_image\" \/>\n<meta name=\"twitter:label1\" content=\"Est. reading time\" \/>\n\t<meta name=\"twitter:data1\" content=\"1 minute\" \/>\n<script type=\"application\/ld+json\" class=\"yoast-schema-graph\">{\"@context\":\"https:\/\/schema.org\",\"@graph\":[{\"@type\":\"WebPage\",\"@id\":\"https:\/\/lunova.swiss\/en\/contact-vip\/\",\"url\":\"https:\/\/lunova.swiss\/en\/contact-vip\/\",\"name\":\"Notre d\u00e9marche pour votre s\u00e9r\u00e9nit\u00e9 informatique\",\"isPartOf\":{\"@id\":\"https:\/\/lunova.swiss\/en\/#website\"},\"primaryImageOfPage\":{\"@id\":\"https:\/\/lunova.swiss\/en\/contact-vip\/#primaryimage\"},\"image\":{\"@id\":\"https:\/\/lunova.swiss\/en\/contact-vip\/#primaryimage\"},\"thumbnailUrl\":\"https:\/\/lunova.swiss\/wp-content\/uploads\/2023\/08\/group-16.png\",\"datePublished\":\"2023-08-23T15:13:27+00:00\",\"dateModified\":\"2025-12-16T10:54:20+00:00\",\"description\":\"Lunova vous offre une tranquillit\u00e9 d'esprit informatique. Contactez-nous facilement pour une assistance sur mesure et r\u00e9solvez vos probl\u00e8mes informatiques en toute confiance.\",\"breadcrumb\":{\"@id\":\"https:\/\/lunova.swiss\/en\/contact-vip\/#breadcrumb\"},\"inLanguage\":\"en-US\",\"potentialAction\":[{\"@type\":\"ReadAction\",\"target\":[\"https:\/\/lunova.swiss\/en\/contact-vip\/\"]}]},{\"@type\":\"ImageObject\",\"inLanguage\":\"en-US\",\"@id\":\"https:\/\/lunova.swiss\/en\/contact-vip\/#primaryimage\",\"url\":\"https:\/\/lunova.swiss\/wp-content\/uploads\/2023\/08\/group-16.png\",\"contentUrl\":\"https:\/\/lunova.swiss\/wp-content\/uploads\/2023\/08\/group-16.png\",\"width\":2048,\"height\":2048},{\"@type\":\"BreadcrumbList\",\"@id\":\"https:\/\/lunova.swiss\/en\/contact-vip\/#breadcrumb\",\"itemListElement\":[{\"@type\":\"ListItem\",\"position\":1,\"name\":\"Accueil\",\"item\":\"https:\/\/lunova.swiss\/en\/\"},{\"@type\":\"ListItem\",\"position\":2,\"name\":\"Contact vip\"}]},{\"@type\":\"WebSite\",\"@id\":\"https:\/\/lunova.swiss\/en\/#website\",\"url\":\"https:\/\/lunova.swiss\/en\/\",\"name\":\"Lunova\",\"description\":\"Digitalisation et syst\u00e8mes d&#039;information\",\"publisher\":{\"@id\":\"https:\/\/lunova.swiss\/en\/#organization\"},\"potentialAction\":[{\"@type\":\"SearchAction\",\"target\":{\"@type\":\"EntryPoint\",\"urlTemplate\":\"https:\/\/lunova.swiss\/en\/?s={search_term_string}\"},\"query-input\":{\"@type\":\"PropertyValueSpecification\",\"valueRequired\":true,\"valueName\":\"search_term_string\"}}],\"inLanguage\":\"en-US\"},{\"@type\":\"Organization\",\"@id\":\"https:\/\/lunova.swiss\/en\/#organization\",\"name\":\"Lunova\",\"url\":\"https:\/\/lunova.swiss\/en\/\",\"logo\":{\"@type\":\"ImageObject\",\"inLanguage\":\"en-US\",\"@id\":\"https:\/\/lunova.swiss\/en\/#\/schema\/logo\/image\/\",\"url\":\"https:\/\/lunova.swiss\/wp-content\/uploads\/2023\/08\/group-6.png\",\"contentUrl\":\"https:\/\/lunova.swiss\/wp-content\/uploads\/2023\/08\/group-6.png\",\"width\":765,\"height\":142,\"caption\":\"Lunova\"},\"image\":{\"@id\":\"https:\/\/lunova.swiss\/en\/#\/schema\/logo\/image\/\"}}]}<\/script>\n<!-- \/ Yoast SEO plugin. -->","yoast_head_json":{"title":"Notre d\u00e9marche pour votre s\u00e9r\u00e9nit\u00e9 informatique","description":"Lunova vous offre une tranquillit\u00e9 d'esprit informatique. Contactez-nous facilement pour une assistance sur mesure et r\u00e9solvez vos probl\u00e8mes informatiques en toute confiance.","robots":{"index":"index","follow":"follow","max-snippet":"max-snippet:-1","max-image-preview":"max-image-preview:large","max-video-preview":"max-video-preview:-1"},"canonical":"https:\/\/lunova.swiss\/en\/contact-vip\/","og_locale":"en_US","og_type":"article","og_title":"Notre d\u00e9marche pour votre s\u00e9r\u00e9nit\u00e9 informatique","og_description":"Lunova vous offre une tranquillit\u00e9 d'esprit informatique. Contactez-nous facilement pour une assistance sur mesure et r\u00e9solvez vos probl\u00e8mes informatiques en toute confiance.","og_url":"https:\/\/lunova.swiss\/en\/contact-vip\/","og_site_name":"Lunova","article_modified_time":"2025-12-16T10:54:20+00:00","og_image":[{"width":2048,"height":2048,"url":"http:\/\/lunova.swiss\/wp-content\/uploads\/2023\/08\/group-16.png","type":"image\/png"}],"twitter_card":"summary_large_image","twitter_misc":{"Est. reading time":"1 minute"},"schema":{"@context":"https:\/\/schema.org","@graph":[{"@type":"WebPage","@id":"https:\/\/lunova.swiss\/en\/contact-vip\/","url":"https:\/\/lunova.swiss\/en\/contact-vip\/","name":"Notre d\u00e9marche pour votre s\u00e9r\u00e9nit\u00e9 informatique","isPartOf":{"@id":"https:\/\/lunova.swiss\/en\/#website"},"primaryImageOfPage":{"@id":"https:\/\/lunova.swiss\/en\/contact-vip\/#primaryimage"},"image":{"@id":"https:\/\/lunova.swiss\/en\/contact-vip\/#primaryimage"},"thumbnailUrl":"https:\/\/lunova.swiss\/wp-content\/uploads\/2023\/08\/group-16.png","datePublished":"2023-08-23T15:13:27+00:00","dateModified":"2025-12-16T10:54:20+00:00","description":"Lunova vous offre une tranquillit\u00e9 d'esprit informatique. Contactez-nous facilement pour une assistance sur mesure et r\u00e9solvez vos probl\u00e8mes informatiques en toute confiance.","breadcrumb":{"@id":"https:\/\/lunova.swiss\/en\/contact-vip\/#breadcrumb"},"inLanguage":"en-US","potentialAction":[{"@type":"ReadAction","target":["https:\/\/lunova.swiss\/en\/contact-vip\/"]}]},{"@type":"ImageObject","inLanguage":"en-US","@id":"https:\/\/lunova.swiss\/en\/contact-vip\/#primaryimage","url":"https:\/\/lunova.swiss\/wp-content\/uploads\/2023\/08\/group-16.png","contentUrl":"https:\/\/lunova.swiss\/wp-content\/uploads\/2023\/08\/group-16.png","width":2048,"height":2048},{"@type":"BreadcrumbList","@id":"https:\/\/lunova.swiss\/en\/contact-vip\/#breadcrumb","itemListElement":[{"@type":"ListItem","position":1,"name":"Accueil","item":"https:\/\/lunova.swiss\/en\/"},{"@type":"ListItem","position":2,"name":"Contact vip"}]},{"@type":"WebSite","@id":"https:\/\/lunova.swiss\/en\/#website","url":"https:\/\/lunova.swiss\/en\/","name":"Lunova","description":"Digitalisation et syst\u00e8mes d&#039;information","publisher":{"@id":"https:\/\/lunova.swiss\/en\/#organization"},"potentialAction":[{"@type":"SearchAction","target":{"@type":"EntryPoint","urlTemplate":"https:\/\/lunova.swiss\/en\/?s={search_term_string}"},"query-input":{"@type":"PropertyValueSpecification","valueRequired":true,"valueName":"search_term_string"}}],"inLanguage":"en-US"},{"@type":"Organization","@id":"https:\/\/lunova.swiss\/en\/#organization","name":"Lunova","url":"https:\/\/lunova.swiss\/en\/","logo":{"@type":"ImageObject","inLanguage":"en-US","@id":"https:\/\/lunova.swiss\/en\/#\/schema\/logo\/image\/","url":"https:\/\/lunova.swiss\/wp-content\/uploads\/2023\/08\/group-6.png","contentUrl":"https:\/\/lunova.swiss\/wp-content\/uploads\/2023\/08\/group-6.png","width":765,"height":142,"caption":"Lunova"},"image":{"@id":"https:\/\/lunova.swiss\/en\/#\/schema\/logo\/image\/"}}]}},"_links":{"self":[{"href":"https:\/\/lunova.swiss\/en\/wp-json\/wp\/v2\/pages\/2554","targetHints":{"allow":["GET"]}}],"collection":[{"href":"https:\/\/lunova.swiss\/en\/wp-json\/wp\/v2\/pages"}],"about":[{"href":"https:\/\/lunova.swiss\/en\/wp-json\/wp\/v2\/types\/page"}],"author":[{"embeddable":true,"href":"https:\/\/lunova.swiss\/en\/wp-json\/wp\/v2\/users\/3"}],"replies":[{"embeddable":true,"href":"https:\/\/lunova.swiss\/en\/wp-json\/wp\/v2\/comments?post=2554"}],"version-history":[{"count":10,"href":"https:\/\/lunova.swiss\/en\/wp-json\/wp\/v2\/pages\/2554\/revisions"}],"predecessor-version":[{"id":3301,"href":"https:\/\/lunova.swiss\/en\/wp-json\/wp\/v2\/pages\/2554\/revisions\/3301"}],"wp:featuredmedia":[{"embeddable":true,"href":"https:\/\/lunova.swiss\/en\/wp-json\/wp\/v2\/media\/2299"}],"wp:attachment":[{"href":"https:\/\/lunova.swiss\/en\/wp-json\/wp\/v2\/media?parent=2554"}],"curies":[{"name":"wp","href":"https:\/\/api.w.org\/{rel}","templated":true}]}}