{"id":2486,"date":"2021-08-09T15:12:03","date_gmt":"2021-08-09T13:12:03","guid":{"rendered":"https:\/\/lunova.swiss\/contact\/"},"modified":"2025-12-16T19:51:55","modified_gmt":"2025-12-16T18:51:55","slug":"contact","status":"publish","type":"page","link":"https:\/\/lunova.swiss\/en\/contact\/","title":{"rendered":"Contact"},"content":{"rendered":"\t\t<div data-elementor-type=\"wp-page\" data-elementor-id=\"2486\" class=\"elementor elementor-2486 elementor-27\" data-elementor-post-type=\"page\">\n\t\t\t\t\t\t<section class=\"elementor-section elementor-top-section elementor-element elementor-element-4398acc elementor-section-height-min-height elementor-section-content-middle elementor-reverse-mobile elementor-section-boxed elementor-section-height-default elementor-section-items-middle\" data-id=\"4398acc\" data-element_type=\"section\" data-e-type=\"section\" data-settings=\"{&quot;background_background&quot;:&quot;classic&quot;}\">\n\t\t\t\t\t\t\t<div class=\"elementor-background-overlay\"><\/div>\n\t\t\t\t\t\t\t<div class=\"elementor-container elementor-column-gap-no\">\n\t\t\t\t\t<div class=\"elementor-column elementor-col-100 elementor-top-column elementor-element elementor-element-1fdd2c3\" data-id=\"1fdd2c3\" data-element_type=\"column\" data-e-type=\"column\">\n\t\t\t<div class=\"elementor-widget-wrap elementor-element-populated\">\n\t\t\t\t\t\t<div class=\"elementor-element elementor-element-30d012d elementor-widget elementor-widget-heading\" data-id=\"30d012d\" data-element_type=\"widget\" data-e-type=\"widget\" data-widget_type=\"heading.default\">\n\t\t\t\t<div class=\"elementor-widget-container\">\n\t\t\t\t\t<h1 class=\"elementor-heading-title elementor-size-default\">Contact<\/h1>\t\t\t\t<\/div>\n\t\t\t\t<\/div>\n\t\t\t\t\t<\/div>\n\t\t<\/div>\n\t\t\t\t\t<\/div>\n\t\t<\/section>\n\t\t\t\t<section class=\"elementor-section elementor-top-section elementor-element elementor-element-1ffa4d04 elementor-section-boxed elementor-section-height-default elementor-section-height-default\" data-id=\"1ffa4d04\" data-element_type=\"section\" data-e-type=\"section\" data-settings=\"{&quot;background_background&quot;:&quot;classic&quot;}\">\n\t\t\t\t\t\t<div class=\"elementor-container elementor-column-gap-default\">\n\t\t\t\t\t<div class=\"elementor-column elementor-col-100 elementor-top-column elementor-element elementor-element-2b5572db\" data-id=\"2b5572db\" data-element_type=\"column\" data-e-type=\"column\">\n\t\t\t<div class=\"elementor-widget-wrap elementor-element-populated\">\n\t\t\t\t\t\t<section class=\"elementor-section elementor-inner-section elementor-element elementor-element-7e6c6ac8 elementor-section-boxed elementor-section-height-default elementor-section-height-default\" data-id=\"7e6c6ac8\" data-element_type=\"section\" data-e-type=\"section\">\n\t\t\t\t\t\t<div class=\"elementor-container elementor-column-gap-default\">\n\t\t\t\t\t<div class=\"elementor-column elementor-col-50 elementor-inner-column elementor-element elementor-element-4f8388a6\" data-id=\"4f8388a6\" data-element_type=\"column\" data-e-type=\"column\" data-settings=\"{&quot;background_background&quot;:&quot;classic&quot;}\">\n\t\t\t<div class=\"elementor-widget-wrap elementor-element-populated\">\n\t\t\t\t\t\t<div class=\"elementor-element elementor-element-57b0d83c elementor-view-default elementor-position-block-start elementor-mobile-position-block-start elementor-widget elementor-widget-icon-box\" data-id=\"57b0d83c\" data-element_type=\"widget\" data-e-type=\"widget\" data-widget_type=\"icon-box.default\">\n\t\t\t\t<div class=\"elementor-widget-container\">\n\t\t\t\t\t\t\t<div class=\"elementor-icon-box-wrapper\">\n\n\t\t\t\t\t\t<div class=\"elementor-icon-box-icon\">\n\t\t\t\t<span  class=\"elementor-icon\">\n\t\t\t\t<i aria-hidden=\"true\" class=\"fas fa-phone-alt\"><\/i>\t\t\t\t<\/span>\n\t\t\t<\/div>\n\t\t\t\n\t\t\t\t\t\t<div class=\"elementor-icon-box-content\">\n\n\t\t\t\t\t\t\t\t\t<h2 class=\"elementor-icon-box-title\">\n\t\t\t\t\t\t<span  >\n\t\t\t\t\t\t\tT\u00e9l\u00e9phone\t\t\t\t\t\t<\/span>\n\t\t\t\t\t<\/h2>\n\t\t\t\t\n\t\t\t\t\t\t\t\t\t<p class=\"elementor-icon-box-description\">\n\t\t\t\t\t\t+ 41(0) 78 217 24 25\t\t\t\t\t<\/p>\n\t\t\t\t\n\t\t\t<\/div>\n\t\t\t\n\t\t<\/div>\n\t\t\t\t\t\t<\/div>\n\t\t\t\t<\/div>\n\t\t\t\t\t<\/div>\n\t\t<\/div>\n\t\t\t\t<div class=\"elementor-column elementor-col-50 elementor-inner-column elementor-element elementor-element-346753f9\" data-id=\"346753f9\" data-element_type=\"column\" data-e-type=\"column\" data-settings=\"{&quot;background_background&quot;:&quot;classic&quot;}\">\n\t\t\t<div class=\"elementor-widget-wrap elementor-element-populated\">\n\t\t\t\t\t\t<div class=\"elementor-element elementor-element-6f980ddb elementor-view-default elementor-position-block-start elementor-mobile-position-block-start elementor-widget elementor-widget-icon-box\" data-id=\"6f980ddb\" data-element_type=\"widget\" data-e-type=\"widget\" data-widget_type=\"icon-box.default\">\n\t\t\t\t<div class=\"elementor-widget-container\">\n\t\t\t\t\t\t\t<div class=\"elementor-icon-box-wrapper\">\n\n\t\t\t\t\t\t<div class=\"elementor-icon-box-icon\">\n\t\t\t\t<span  class=\"elementor-icon\">\n\t\t\t\t<i aria-hidden=\"true\" class=\"fas fa-map-marker-alt\"><\/i>\t\t\t\t<\/span>\n\t\t\t<\/div>\n\t\t\t\n\t\t\t\t\t\t<div class=\"elementor-icon-box-content\">\n\n\t\t\t\t\t\t\t\t\t<h2 class=\"elementor-icon-box-title\">\n\t\t\t\t\t\t<span  >\n\t\t\t\t\t\t\tAdresse\t\t\t\t\t\t<\/span>\n\t\t\t\t\t<\/h2>\n\t\t\t\t\n\t\t\t\t\t\t\t\t\t<p class=\"elementor-icon-box-description\">\n\t\t\t\t\t\tRue du vieux march\u00e9 9, 1260 Nyon\t\t\t\t\t<\/p>\n\t\t\t\t\n\t\t\t<\/div>\n\t\t\t\n\t\t<\/div>\n\t\t\t\t\t\t<\/div>\n\t\t\t\t<\/div>\n\t\t\t\t\t<\/div>\n\t\t<\/div>\n\t\t\t\t\t<\/div>\n\t\t<\/section>\n\t\t\t\t\t<\/div>\n\t\t<\/div>\n\t\t\t\t\t<\/div>\n\t\t<\/section>\n\t\t\t\t<section class=\"elementor-section elementor-top-section elementor-element elementor-element-b8c0e7a elementor-section-boxed elementor-section-height-default elementor-section-height-default\" data-id=\"b8c0e7a\" data-element_type=\"section\" data-e-type=\"section\" data-settings=\"{&quot;background_background&quot;:&quot;classic&quot;}\">\n\t\t\t\t\t\t<div class=\"elementor-container elementor-column-gap-wide\">\n\t\t\t\t\t<div class=\"elementor-column elementor-col-100 elementor-top-column elementor-element elementor-element-5e8e31cb\" data-id=\"5e8e31cb\" data-element_type=\"column\" data-e-type=\"column\" data-settings=\"{&quot;background_background&quot;:&quot;classic&quot;}\">\n\t\t\t<div class=\"elementor-widget-wrap elementor-element-populated\">\n\t\t\t\t\t\t<section class=\"elementor-section elementor-inner-section elementor-element elementor-element-307a2305 elementor-section-boxed elementor-section-height-default elementor-section-height-default\" data-id=\"307a2305\" data-element_type=\"section\" data-e-type=\"section\">\n\t\t\t\t\t\t<div class=\"elementor-container elementor-column-gap-default\">\n\t\t\t\t\t<div class=\"elementor-column elementor-col-50 elementor-inner-column elementor-element elementor-element-5904ab35\" data-id=\"5904ab35\" data-element_type=\"column\" data-e-type=\"column\">\n\t\t\t<div class=\"elementor-widget-wrap elementor-element-populated\">\n\t\t\t\t\t\t<div class=\"elementor-element elementor-element-35b82402 elementor-widget elementor-widget-heading\" data-id=\"35b82402\" data-element_type=\"widget\" data-e-type=\"widget\" data-widget_type=\"heading.default\">\n\t\t\t\t<div class=\"elementor-widget-container\">\n\t\t\t\t\t<h2 class=\"elementor-heading-title elementor-size-default\">Contactez-nous !\u200b<\/h2>\t\t\t\t<\/div>\n\t\t\t\t<\/div>\n\t\t\t\t<div class=\"elementor-element elementor-element-359bd7f elementor-widget elementor-widget-global elementor-global-3087 elementor-widget-shortcode\" data-id=\"359bd7f\" data-element_type=\"widget\" data-e-type=\"widget\" data-widget_type=\"shortcode.default\">\n\t\t\t\t<div class=\"elementor-widget-container\">\n\t\t\t\t\t\t\t<div class=\"elementor-shortcode\">\t<iframe\n\t\taria-label=\"Contact us!\"\n\t\tframeborder=\"0\"\n\t\tstyle=\"height:965px;width:99%;border:none;\"\n\t\tonload='javascript:(function(o){o.style.height=o.contentWindow.document.body.scrollHeight+\"px\";}(this));'\n\t\tsrc=\"https:\/\/forms.zohopublic.eu\/lunova1\/form\/Contactus\/formperma\/HtlcLjOmLZgqeDkNh75PiBrD_2L9klfsEwrjUBWuIKw\">\n\t<\/iframe>\n\t<\/div>\n\t\t\t\t\t\t<\/div>\n\t\t\t\t<\/div>\n\t\t\t\t\t<\/div>\n\t\t<\/div>\n\t\t\t\t<div class=\"elementor-column elementor-col-50 elementor-inner-column elementor-element elementor-element-7bdc95f3\" data-id=\"7bdc95f3\" data-element_type=\"column\" data-e-type=\"column\">\n\t\t\t<div class=\"elementor-widget-wrap elementor-element-populated\">\n\t\t\t\t\t\t<div class=\"elementor-element elementor-element-4e762c1 elementor-widget elementor-widget-google_maps\" data-id=\"4e762c1\" data-element_type=\"widget\" data-e-type=\"widget\" data-widget_type=\"google_maps.default\">\n\t\t\t\t<div class=\"elementor-widget-container\">\n\t\t\t\t\t\t\t<div class=\"elementor-custom-embed\">\n\t\t\t<iframe loading=\"lazy\"\n\t\t\t\t\tsrc=\"https:\/\/maps.google.com\/maps?q=Rue%20du%20vieux%20march%C3%A9%209%2C%201260%20Nyon&#038;t=m&#038;z=9&#038;output=embed&#038;iwloc=near\"\n\t\t\t\t\ttitle=\"Rue du vieux march\u00e9 9, 1260 Nyon\"\n\t\t\t\t\taria-label=\"Rue du vieux march\u00e9 9, 1260 Nyon\"\n\t\t\t><\/iframe>\n\t\t<\/div>\n\t\t\t\t\t\t<\/div>\n\t\t\t\t<\/div>\n\t\t\t\t\t<\/div>\n\t\t<\/div>\n\t\t\t\t\t<\/div>\n\t\t<\/section>\n\t\t\t\t\t<\/div>\n\t\t<\/div>\n\t\t\t\t\t<\/div>\n\t\t<\/section>\n\t\t\t\t<\/div>\n\t\t","protected":false},"excerpt":{"rendered":"<p>Contact T\u00e9l\u00e9phone + 41(0) 78 217 24 25 Adresse Rue du vieux march\u00e9 9, 1260 Nyon Contactez-nous&nbsp;!\u200b<\/p>\n","protected":false},"author":3,"featured_media":2299,"parent":0,"menu_order":0,"comment_status":"closed","ping_status":"closed","template":"","meta":{"_acf_changed":false,"footnotes":""},"class_list":["post-2486","page","type-page","status-publish","has-post-thumbnail","hentry"],"acf":[],"yoast_head":"<!-- This site is optimized with the Yoast SEO plugin v27.2 - https:\/\/yoast.com\/product\/yoast-seo-wordpress\/ -->\n<title>Contact - Lunova<\/title>\n<meta name=\"robots\" content=\"index, follow, max-snippet:-1, max-image-preview:large, max-video-preview:-1\" \/>\n<link rel=\"canonical\" href=\"https:\/\/lunova.swiss\/en\/contact\/\" \/>\n<meta property=\"og:locale\" content=\"en_US\" \/>\n<meta property=\"og:type\" content=\"article\" \/>\n<meta property=\"og:title\" content=\"Contact - Lunova\" \/>\n<meta property=\"og:description\" content=\"Contact T\u00e9l\u00e9phone + 41(0) 78 217 24 25 Adresse Rue du vieux march\u00e9 9, 1260 Nyon Contactez-nous&nbsp;!\u200b\" \/>\n<meta property=\"og:url\" content=\"https:\/\/lunova.swiss\/en\/contact\/\" \/>\n<meta property=\"og:site_name\" content=\"Lunova\" \/>\n<meta property=\"article:modified_time\" content=\"2025-12-16T18:51:55+00:00\" \/>\n<meta property=\"og:image\" content=\"http:\/\/lunova.swiss\/wp-content\/uploads\/2023\/08\/group-16.png\" \/>\n\t<meta property=\"og:image:width\" content=\"2048\" \/>\n\t<meta property=\"og:image:height\" content=\"2048\" \/>\n\t<meta property=\"og:image:type\" content=\"image\/png\" \/>\n<meta name=\"twitter:card\" content=\"summary_large_image\" \/>\n<meta name=\"twitter:label1\" content=\"Est. reading time\" \/>\n\t<meta name=\"twitter:data1\" content=\"1 minute\" \/>\n<script type=\"application\/ld+json\" class=\"yoast-schema-graph\">{\"@context\":\"https:\/\/schema.org\",\"@graph\":[{\"@type\":\"WebPage\",\"@id\":\"https:\/\/lunova.swiss\/en\/contact\/\",\"url\":\"https:\/\/lunova.swiss\/en\/contact\/\",\"name\":\"Contact - Lunova\",\"isPartOf\":{\"@id\":\"https:\/\/lunova.swiss\/en\/#website\"},\"primaryImageOfPage\":{\"@id\":\"https:\/\/lunova.swiss\/en\/contact\/#primaryimage\"},\"image\":{\"@id\":\"https:\/\/lunova.swiss\/en\/contact\/#primaryimage\"},\"thumbnailUrl\":\"https:\/\/lunova.swiss\/wp-content\/uploads\/2023\/08\/group-16.png\",\"datePublished\":\"2021-08-09T13:12:03+00:00\",\"dateModified\":\"2025-12-16T18:51:55+00:00\",\"breadcrumb\":{\"@id\":\"https:\/\/lunova.swiss\/en\/contact\/#breadcrumb\"},\"inLanguage\":\"en-US\",\"potentialAction\":[{\"@type\":\"ReadAction\",\"target\":[\"https:\/\/lunova.swiss\/en\/contact\/\"]}]},{\"@type\":\"ImageObject\",\"inLanguage\":\"en-US\",\"@id\":\"https:\/\/lunova.swiss\/en\/contact\/#primaryimage\",\"url\":\"https:\/\/lunova.swiss\/wp-content\/uploads\/2023\/08\/group-16.png\",\"contentUrl\":\"https:\/\/lunova.swiss\/wp-content\/uploads\/2023\/08\/group-16.png\",\"width\":2048,\"height\":2048},{\"@type\":\"BreadcrumbList\",\"@id\":\"https:\/\/lunova.swiss\/en\/contact\/#breadcrumb\",\"itemListElement\":[{\"@type\":\"ListItem\",\"position\":1,\"name\":\"Accueil\",\"item\":\"https:\/\/lunova.swiss\/en\/\"},{\"@type\":\"ListItem\",\"position\":2,\"name\":\"Contact\"}]},{\"@type\":\"WebSite\",\"@id\":\"https:\/\/lunova.swiss\/en\/#website\",\"url\":\"https:\/\/lunova.swiss\/en\/\",\"name\":\"Lunova\",\"description\":\"Digitalisation et syst\u00e8mes d&#039;information\",\"publisher\":{\"@id\":\"https:\/\/lunova.swiss\/en\/#organization\"},\"potentialAction\":[{\"@type\":\"SearchAction\",\"target\":{\"@type\":\"EntryPoint\",\"urlTemplate\":\"https:\/\/lunova.swiss\/en\/?s={search_term_string}\"},\"query-input\":{\"@type\":\"PropertyValueSpecification\",\"valueRequired\":true,\"valueName\":\"search_term_string\"}}],\"inLanguage\":\"en-US\"},{\"@type\":\"Organization\",\"@id\":\"https:\/\/lunova.swiss\/en\/#organization\",\"name\":\"Lunova\",\"url\":\"https:\/\/lunova.swiss\/en\/\",\"logo\":{\"@type\":\"ImageObject\",\"inLanguage\":\"en-US\",\"@id\":\"https:\/\/lunova.swiss\/en\/#\/schema\/logo\/image\/\",\"url\":\"https:\/\/lunova.swiss\/wp-content\/uploads\/2023\/08\/group-6.png\",\"contentUrl\":\"https:\/\/lunova.swiss\/wp-content\/uploads\/2023\/08\/group-6.png\",\"width\":765,\"height\":142,\"caption\":\"Lunova\"},\"image\":{\"@id\":\"https:\/\/lunova.swiss\/en\/#\/schema\/logo\/image\/\"}}]}<\/script>\n<!-- \/ Yoast SEO plugin. -->","yoast_head_json":{"title":"Contact - Lunova","robots":{"index":"index","follow":"follow","max-snippet":"max-snippet:-1","max-image-preview":"max-image-preview:large","max-video-preview":"max-video-preview:-1"},"canonical":"https:\/\/lunova.swiss\/en\/contact\/","og_locale":"en_US","og_type":"article","og_title":"Contact - Lunova","og_description":"Contact T\u00e9l\u00e9phone + 41(0) 78 217 24 25 Adresse Rue du vieux march\u00e9 9, 1260 Nyon Contactez-nous&nbsp;!\u200b","og_url":"https:\/\/lunova.swiss\/en\/contact\/","og_site_name":"Lunova","article_modified_time":"2025-12-16T18:51:55+00:00","og_image":[{"width":2048,"height":2048,"url":"http:\/\/lunova.swiss\/wp-content\/uploads\/2023\/08\/group-16.png","type":"image\/png"}],"twitter_card":"summary_large_image","twitter_misc":{"Est. reading time":"1 minute"},"schema":{"@context":"https:\/\/schema.org","@graph":[{"@type":"WebPage","@id":"https:\/\/lunova.swiss\/en\/contact\/","url":"https:\/\/lunova.swiss\/en\/contact\/","name":"Contact - Lunova","isPartOf":{"@id":"https:\/\/lunova.swiss\/en\/#website"},"primaryImageOfPage":{"@id":"https:\/\/lunova.swiss\/en\/contact\/#primaryimage"},"image":{"@id":"https:\/\/lunova.swiss\/en\/contact\/#primaryimage"},"thumbnailUrl":"https:\/\/lunova.swiss\/wp-content\/uploads\/2023\/08\/group-16.png","datePublished":"2021-08-09T13:12:03+00:00","dateModified":"2025-12-16T18:51:55+00:00","breadcrumb":{"@id":"https:\/\/lunova.swiss\/en\/contact\/#breadcrumb"},"inLanguage":"en-US","potentialAction":[{"@type":"ReadAction","target":["https:\/\/lunova.swiss\/en\/contact\/"]}]},{"@type":"ImageObject","inLanguage":"en-US","@id":"https:\/\/lunova.swiss\/en\/contact\/#primaryimage","url":"https:\/\/lunova.swiss\/wp-content\/uploads\/2023\/08\/group-16.png","contentUrl":"https:\/\/lunova.swiss\/wp-content\/uploads\/2023\/08\/group-16.png","width":2048,"height":2048},{"@type":"BreadcrumbList","@id":"https:\/\/lunova.swiss\/en\/contact\/#breadcrumb","itemListElement":[{"@type":"ListItem","position":1,"name":"Accueil","item":"https:\/\/lunova.swiss\/en\/"},{"@type":"ListItem","position":2,"name":"Contact"}]},{"@type":"WebSite","@id":"https:\/\/lunova.swiss\/en\/#website","url":"https:\/\/lunova.swiss\/en\/","name":"Lunova","description":"Digitalisation et syst\u00e8mes d&#039;information","publisher":{"@id":"https:\/\/lunova.swiss\/en\/#organization"},"potentialAction":[{"@type":"SearchAction","target":{"@type":"EntryPoint","urlTemplate":"https:\/\/lunova.swiss\/en\/?s={search_term_string}"},"query-input":{"@type":"PropertyValueSpecification","valueRequired":true,"valueName":"search_term_string"}}],"inLanguage":"en-US"},{"@type":"Organization","@id":"https:\/\/lunova.swiss\/en\/#organization","name":"Lunova","url":"https:\/\/lunova.swiss\/en\/","logo":{"@type":"ImageObject","inLanguage":"en-US","@id":"https:\/\/lunova.swiss\/en\/#\/schema\/logo\/image\/","url":"https:\/\/lunova.swiss\/wp-content\/uploads\/2023\/08\/group-6.png","contentUrl":"https:\/\/lunova.swiss\/wp-content\/uploads\/2023\/08\/group-6.png","width":765,"height":142,"caption":"Lunova"},"image":{"@id":"https:\/\/lunova.swiss\/en\/#\/schema\/logo\/image\/"}}]}},"_links":{"self":[{"href":"https:\/\/lunova.swiss\/en\/wp-json\/wp\/v2\/pages\/2486","targetHints":{"allow":["GET"]}}],"collection":[{"href":"https:\/\/lunova.swiss\/en\/wp-json\/wp\/v2\/pages"}],"about":[{"href":"https:\/\/lunova.swiss\/en\/wp-json\/wp\/v2\/types\/page"}],"author":[{"embeddable":true,"href":"https:\/\/lunova.swiss\/en\/wp-json\/wp\/v2\/users\/3"}],"replies":[{"embeddable":true,"href":"https:\/\/lunova.swiss\/en\/wp-json\/wp\/v2\/comments?post=2486"}],"version-history":[{"count":10,"href":"https:\/\/lunova.swiss\/en\/wp-json\/wp\/v2\/pages\/2486\/revisions"}],"predecessor-version":[{"id":3348,"href":"https:\/\/lunova.swiss\/en\/wp-json\/wp\/v2\/pages\/2486\/revisions\/3348"}],"wp:featuredmedia":[{"embeddable":true,"href":"https:\/\/lunova.swiss\/en\/wp-json\/wp\/v2\/media\/2299"}],"wp:attachment":[{"href":"https:\/\/lunova.swiss\/en\/wp-json\/wp\/v2\/media?parent=2486"}],"curies":[{"name":"wp","href":"https:\/\/api.w.org\/{rel}","templated":true}]}}